{"id":2387,"date":"2023-08-24T17:52:48","date_gmt":"2023-08-24T17:52:48","guid":{"rendered":"http:\/\/solucionesdeacero.net\/?page_id=2387"},"modified":"2024-06-03T20:47:41","modified_gmt":"2024-06-03T20:47:41","slug":"2387-2","status":"publish","type":"page","link":"https:\/\/solucionesdeacero.net\/en\/2387-2\/","title":{"rendered":"Nuestro proyectos"},"content":{"rendered":"<div class=\"wp-block-cover alignfull has-parallax\"><span aria-hidden=\"true\" class=\"wp-block-cover__background has-background-dim-60 has-background-dim\"><\/span><div class=\"wp-block-cover__image-background wp-image-2388 has-parallax\" style=\"background-position:50% 50%;background-image:url(http:\/\/solucionesdeacero.net\/wp-content\/uploads\/2023\/08\/Sin-titulo-10-1.jpg)\"><\/div><div class=\"wp-block-cover__inner-container is-layout-flow wp-block-cover-is-layout-flow\">\n<p class=\"has-text-align-left has-large-font-size\">Nuestros proyectos<\/p>\n<\/div><\/div>\n\n\n\n<div style=\"height:100px\" aria-hidden=\"true\" class=\"wp-block-spacer\"><\/div>\n\n\n\n<h3 class=\"wp-block-heading has-text-align-center\"><mark style=\"background-color:rgba(0, 0, 0, 0)\" class=\"has-inline-color has-ast-global-color-1-color\">Soluciones en acero<\/mark><\/h3>\n\n\n\n<p class=\"has-text-align-center\"><mark style=\"background-color:rgba(0, 0, 0, 0)\" class=\"has-inline-color has-ast-global-color-2-color\">Se especializa en el mercado Centroamericano y del Caribe de habla hispana.<\/mark><\/p>\n\n\n\n<figure class=\"wp-block-image alignfull size-large\"><img decoding=\"async\" src=\"data:image\/gif;base64,R0lGODlhAQABAIAAAAAAAP\/\/\/yH5BAEAAAAALAAAAAABAAEAAAIBRAA7\" data-src=\"http:\/\/solucionesdeacero.net\/wp-content\/uploads\/2023\/08\/mapa-de-proyectos-1-1024x497.jpg\" alt=\"\" class=\"wp-image-2401 lazyload\"\/><noscript><img decoding=\"async\" width=\"1024\" height=\"497\" src=\"http:\/\/solucionesdeacero.net\/wp-content\/uploads\/2023\/08\/mapa-de-proyectos-1-1024x497.jpg\" alt=\"\" class=\"wp-image-2401 lazyload\" srcset=\"https:\/\/solucionesdeacero.net\/wp-content\/uploads\/2023\/08\/mapa-de-proyectos-1-1024x497.jpg 1024w, https:\/\/solucionesdeacero.net\/wp-content\/uploads\/2023\/08\/mapa-de-proyectos-1-300x146.jpg 300w, https:\/\/solucionesdeacero.net\/wp-content\/uploads\/2023\/08\/mapa-de-proyectos-1-768x373.jpg 768w, https:\/\/solucionesdeacero.net\/wp-content\/uploads\/2023\/08\/mapa-de-proyectos-1-1536x746.jpg 1536w, https:\/\/solucionesdeacero.net\/wp-content\/uploads\/2023\/08\/mapa-de-proyectos-1-18x9.jpg 18w, https:\/\/solucionesdeacero.net\/wp-content\/uploads\/2023\/08\/mapa-de-proyectos-1.jpg 1853w\" sizes=\"(max-width: 1024px) 100vw, 1024px\" \/><\/noscript><\/figure>\n\n\n\n<div class=\"wp-block-columns alignfull is-layout-flex wp-container-core-columns-is-layout-28f84493 wp-block-columns-is-layout-flex\">\n<div class=\"wp-block-column is-layout-flow wp-block-column-is-layout-flow\">\n<div class=\"wp-block-columns is-layout-flex wp-container-core-columns-is-layout-28f84493 wp-block-columns-is-layout-flex\">\n<div class=\"wp-block-column is-layout-flow wp-block-column-is-layout-flow\">\n<figure class=\"wp-block-image aligncenter size-large is-resized\"><img decoding=\"async\" src=\"data:image\/gif;base64,R0lGODlhAQABAIAAAAAAAP\/\/\/yH5BAEAAAAALAAAAAABAAEAAAIBRAA7\" data-src=\"http:\/\/solucionesdeacero.net\/wp-content\/uploads\/2023\/08\/PUNTO-UBICACION-01-805x1024.png\" alt=\"\" class=\"wp-image-2399 lazyload\" style=\"width:76px;height:auto\"\/><noscript><img decoding=\"async\" width=\"805\" height=\"1024\" src=\"http:\/\/solucionesdeacero.net\/wp-content\/uploads\/2023\/08\/PUNTO-UBICACION-01-805x1024.png\" alt=\"\" class=\"wp-image-2399 lazyload\" style=\"width:76px;height:auto\" srcset=\"https:\/\/solucionesdeacero.net\/wp-content\/uploads\/2023\/08\/PUNTO-UBICACION-01-805x1024.png 805w, https:\/\/solucionesdeacero.net\/wp-content\/uploads\/2023\/08\/PUNTO-UBICACION-01-236x300.png 236w, https:\/\/solucionesdeacero.net\/wp-content\/uploads\/2023\/08\/PUNTO-UBICACION-01-768x976.png 768w, https:\/\/solucionesdeacero.net\/wp-content\/uploads\/2023\/08\/PUNTO-UBICACION-01-1208x1536.png 1208w, https:\/\/solucionesdeacero.net\/wp-content\/uploads\/2023\/08\/PUNTO-UBICACION-01-1611x2048.png 1611w, https:\/\/solucionesdeacero.net\/wp-content\/uploads\/2023\/08\/PUNTO-UBICACION-01-9x12.png 9w\" sizes=\"(max-width: 805px) 100vw, 805px\" \/><\/noscript><\/figure>\n<\/div>\n\n\n\n<div class=\"wp-block-column is-layout-flow wp-block-column-is-layout-flow\">\n<p>Nuestras oficinas (San Jos\u00e9- Costa Rica, Col\u00f3n-Panam\u00e1)<\/p>\n<\/div>\n<\/div>\n<\/div>\n\n\n\n<div class=\"wp-block-column is-layout-flow wp-block-column-is-layout-flow\">\n<div class=\"wp-block-columns is-layout-flex wp-container-core-columns-is-layout-28f84493 wp-block-columns-is-layout-flex\">\n<div class=\"wp-block-column is-layout-flow wp-block-column-is-layout-flow\">\n<figure class=\"wp-block-image aligncenter size-large is-resized\"><img decoding=\"async\" src=\"data:image\/gif;base64,R0lGODlhAQABAIAAAAAAAP\/\/\/yH5BAEAAAAALAAAAAABAAEAAAIBRAA7\" data-src=\"http:\/\/solucionesdeacero.net\/wp-content\/uploads\/2023\/08\/PUNTO-UBICACION-02-806x1024.png\" alt=\"\" class=\"wp-image-2400 lazyload\" style=\"width:77px;height:auto\"\/><noscript><img decoding=\"async\" width=\"806\" height=\"1024\" src=\"http:\/\/solucionesdeacero.net\/wp-content\/uploads\/2023\/08\/PUNTO-UBICACION-02-806x1024.png\" alt=\"\" class=\"wp-image-2400 lazyload\" style=\"width:77px;height:auto\" srcset=\"https:\/\/solucionesdeacero.net\/wp-content\/uploads\/2023\/08\/PUNTO-UBICACION-02-806x1024.png 806w, https:\/\/solucionesdeacero.net\/wp-content\/uploads\/2023\/08\/PUNTO-UBICACION-02-236x300.png 236w, https:\/\/solucionesdeacero.net\/wp-content\/uploads\/2023\/08\/PUNTO-UBICACION-02-768x976.png 768w, https:\/\/solucionesdeacero.net\/wp-content\/uploads\/2023\/08\/PUNTO-UBICACION-02-1208x1536.png 1208w, https:\/\/solucionesdeacero.net\/wp-content\/uploads\/2023\/08\/PUNTO-UBICACION-02-1611x2048.png 1611w, https:\/\/solucionesdeacero.net\/wp-content\/uploads\/2023\/08\/PUNTO-UBICACION-02-9x12.png 9w\" sizes=\"(max-width: 806px) 100vw, 806px\" \/><\/noscript><\/figure>\n<\/div>\n\n\n\n<div class=\"wp-block-column is-layout-flow wp-block-column-is-layout-flow\">\n<p class=\"has-text-align-center\">Mercados que atendemos (Centroam\u00e9rica y Dominicana)<\/p>\n<\/div>\n<\/div>\n<\/div>\n<\/div>","protected":false},"excerpt":{"rendered":"<p>Soluciones en acero Se especializa en el mercado Centroamericano y del Caribe de habla hispana. Nuestras oficinas (San Jos\u00e9- Costa Rica, Col\u00f3n-Panam\u00e1) Mercados que atendemos (Centroam\u00e9rica y Dominicana)<\/p>","protected":false},"author":1,"featured_media":0,"parent":0,"menu_order":0,"comment_status":"closed","ping_status":"closed","template":"","meta":{"_eb_attr":"","site-sidebar-layout":"default","site-content-layout":"default","ast-global-header-display":"","ast-banner-title-visibility":"","ast-main-header-display":"","ast-hfb-above-header-display":"","ast-hfb-below-header-display":"","ast-hfb-mobile-header-display":"","site-post-title":"","ast-breadcrumbs-content":"","ast-featured-img":"","footer-sml-layout":"","theme-transparent-header-meta":"","adv-header-id-meta":"","stick-header-meta":"","header-above-stick-meta":"","header-main-stick-meta":"","header-below-stick-meta":"","footnotes":""},"class_list":["post-2387","page","type-page","status-publish","hentry"],"aioseo_notices":[],"_links":{"self":[{"href":"https:\/\/solucionesdeacero.net\/en\/wp-json\/wp\/v2\/pages\/2387","targetHints":{"allow":["GET"]}}],"collection":[{"href":"https:\/\/solucionesdeacero.net\/en\/wp-json\/wp\/v2\/pages"}],"about":[{"href":"https:\/\/solucionesdeacero.net\/en\/wp-json\/wp\/v2\/types\/page"}],"author":[{"embeddable":true,"href":"https:\/\/solucionesdeacero.net\/en\/wp-json\/wp\/v2\/users\/1"}],"replies":[{"embeddable":true,"href":"https:\/\/solucionesdeacero.net\/en\/wp-json\/wp\/v2\/comments?post=2387"}],"version-history":[{"count":11,"href":"https:\/\/solucionesdeacero.net\/en\/wp-json\/wp\/v2\/pages\/2387\/revisions"}],"predecessor-version":[{"id":2423,"href":"https:\/\/solucionesdeacero.net\/en\/wp-json\/wp\/v2\/pages\/2387\/revisions\/2423"}],"wp:attachment":[{"href":"https:\/\/solucionesdeacero.net\/en\/wp-json\/wp\/v2\/media?parent=2387"}],"curies":[{"name":"wp","href":"https:\/\/api.w.org\/{rel}","templated":true}]}}