{"id":2027,"date":"2020-08-24T02:50:55","date_gmt":"2020-08-24T02:50:55","guid":{"rendered":"http:\/\/solucionesdeacero.net\/about\/"},"modified":"2024-06-03T20:46:32","modified_gmt":"2024-06-03T20:46:32","slug":"nosotros","status":"publish","type":"page","link":"https:\/\/solucionesdeacero.net\/en\/nosotros\/","title":{"rendered":"Nosotros"},"content":{"rendered":"<div class=\"wp-block-cover alignfull has-parallax\" style=\"min-height:470px;aspect-ratio:unset;\"><span aria-hidden=\"true\" class=\"wp-block-cover__background has-background-dim-80 has-background-dim\" style=\"background-color:#181f2a\"><\/span><div class=\"wp-block-cover__image-background wp-image-2176 has-parallax\" style=\"background-position:50% 50%;background-image:url(http:\/\/solucionesdeacero.net\/wp-content\/uploads\/2023\/08\/galeria-9-2.jpg)\"><\/div><div class=\"wp-block-cover__inner-container is-layout-flow wp-block-cover-is-layout-flow\">\n<h2 class=\"wp-block-heading\">Tu socio de confianza<br>para la construcci\u00f3n<br>de estructuras de acero<\/h2>\n<\/div><\/div>\n\n\n\n<div class=\"inherit-container-width wp-block-group alignfull is-layout-constrained wp-block-group-is-layout-constrained\">\n<div class=\"wp-block-media-text alignwide is-stacked-on-mobile is-vertically-aligned-center has-ast-global-color-6-background-color has-background\" style=\"grid-template-columns:35% auto\"><figure class=\"wp-block-media-text__media\"><img decoding=\"async\" src=\"data:image\/gif;base64,R0lGODlhAQABAIAAAAAAAP\/\/\/yH5BAEAAAAALAAAAAABAAEAAAIBRAA7\" data-src=\"http:\/\/solucionesdeacero.net\/wp-content\/uploads\/2023\/08\/galeria-1-1024x672.jpg\" alt=\"\" class=\"wp-image-2178 size-full lazyload\"\/><noscript><img decoding=\"async\" width=\"1024\" height=\"672\" src=\"http:\/\/solucionesdeacero.net\/wp-content\/uploads\/2023\/08\/galeria-1-1024x672.jpg\" alt=\"\" class=\"wp-image-2178 size-full lazyload\" srcset=\"https:\/\/solucionesdeacero.net\/wp-content\/uploads\/2023\/08\/galeria-1-1024x672.jpg 1024w, https:\/\/solucionesdeacero.net\/wp-content\/uploads\/2023\/08\/galeria-1-300x197.jpg 300w, https:\/\/solucionesdeacero.net\/wp-content\/uploads\/2023\/08\/galeria-1-768x504.jpg 768w, https:\/\/solucionesdeacero.net\/wp-content\/uploads\/2023\/08\/galeria-1-1536x1009.jpg 1536w, https:\/\/solucionesdeacero.net\/wp-content\/uploads\/2023\/08\/galeria-1-18x12.jpg 18w, https:\/\/solucionesdeacero.net\/wp-content\/uploads\/2023\/08\/galeria-1.jpg 1800w\" sizes=\"(max-width: 1024px) 100vw, 1024px\" \/><\/noscript><\/figure><div class=\"wp-block-media-text__content\">\n<h3 class=\"wp-block-heading\"><mark style=\"background-color:rgba(0, 0, 0, 0)\" class=\"has-inline-color has-ast-global-color-1-color\">Soluciones de Acero<\/mark><\/h3>\n\n\n\n<h5 class=\"wp-block-heading\"><mark style=\"background-color:rgba(0, 0, 0, 0)\" class=\"has-inline-color has-ast-global-color-0-color\">Donde construimos su visi\u00f3n<\/mark><\/h5>\n\n\n\n<p>Es una empresa reconocida en el suministro de soluciones constructivas eficientes y rentables con estructuras de acero, paneles s\u00e1ndwich, y otros materiales<\/p>\n\n\n\n<p><mark style=\"background-color:rgba(0, 0, 0, 0)\" class=\"has-inline-color has-ast-global-color-2-color\">Soluciones de Acero ha desarrollado productos y servicios a m\u00faltiples industrias y diferentes pa\u00edses en el \u00c1rea Centroamericana.<\/mark><\/p>\n\n\n\n<p><\/p>\n\n\n\n<p><\/p>\n\n\n\n<p><\/p>\n<\/div><\/div>\n\n\n\n<hr class=\"wp-block-separator has-alpha-channel-opacity is-style-wide\"\/>\n\n\n\n<div class=\"wp-block-columns is-layout-flex wp-container-core-columns-is-layout-28f84493 wp-block-columns-is-layout-flex\">\n<div class=\"wp-block-column is-layout-flow wp-block-column-is-layout-flow\">\n<h3 class=\"wp-block-heading\"><mark style=\"background-color:rgba(0, 0, 0, 0)\" class=\"has-inline-color has-ast-global-color-1-color\">Misi\u00f3n<\/mark><\/h3>\n\n\n\n<p><mark style=\"background-color:rgba(0, 0, 0, 0)\" class=\"has-inline-color has-ast-global-color-2-color\">Suministrar productos de acero de alta calidad, brindando servicios y soluciones a clientes en la Regi\u00f3n Centroamericana y del Caribe, utilizando tecnolog\u00edas innovadoras dentro de un entorno de empleados motivados, enfocados en la mejora continua, los m\u00e1s altos est\u00e1ndares comerciales, la \u00e9tica laboral y el valor agregado para nuestros clientes.<\/mark><\/p>\n<\/div>\n\n\n\n<div class=\"wp-block-column is-layout-flow wp-block-column-is-layout-flow\">\n<h3 class=\"wp-block-heading\"><mark style=\"background-color:rgba(0, 0, 0, 0)\" class=\"has-inline-color has-ast-global-color-1-color\">Visi\u00f3n<\/mark><\/h3>\n\n\n\n<p><mark style=\"background-color:rgba(0, 0, 0, 0)\" class=\"has-inline-color has-ast-global-color-2-color\">Ser el proveedor de servicios y soluciones m\u00e1s confiable, innovador y competitivo de la regi\u00f3n en la industria del acero y la construcci\u00f3n alternativa.<\/mark><\/p>\n<\/div>\n<\/div>\n<\/div>\n\n\n\n<div class=\"inherit-container-width wp-block-group alignfull has-ast-global-color-4-background-color has-background is-layout-constrained wp-block-group-is-layout-constrained\">\n<h3 class=\"wp-block-heading\"><mark style=\"background-color:rgba(0, 0, 0, 0)\" class=\"has-inline-color has-ast-global-color-1-color\">Qu\u00e9 ofrecemos<\/mark><\/h3>\n\n\n\n<ul class=\"wp-block-list\">\n<li><mark style=\"background-color:rgba(0, 0, 0, 0)\" class=\"has-inline-color has-ast-global-color-2-color\">Especialista profesional<\/mark><\/li>\n\n\n\n<li><mark style=\"background-color:rgba(0, 0, 0, 0)\" class=\"has-inline-color has-ast-global-color-2-color\">Ideas brillantes<\/mark><\/li>\n\n\n\n<li><mark style=\"background-color:rgba(0, 0, 0, 0)\" class=\"has-inline-color has-ast-global-color-2-color\">Constructores precisos<\/mark><\/li>\n\n\n\n<li><mark style=\"background-color:rgba(0, 0, 0, 0)\" class=\"has-inline-color has-ast-global-color-2-color\">Asistencia 24\/7<\/mark><\/li>\n<\/ul>\n\n\n\n<p><\/p>\n\n\n\n<div class=\"wp-block-columns is-layout-flex wp-container-core-columns-is-layout-28f84493 wp-block-columns-is-layout-flex\">\n<div class=\"wp-block-column is-layout-flow wp-block-column-is-layout-flow\">\n<figure class=\"wp-block-image size-large\"><img decoding=\"async\" src=\"data:image\/gif;base64,R0lGODlhAQABAIAAAAAAAP\/\/\/yH5BAEAAAAALAAAAAABAAEAAAIBRAA7\" data-src=\"http:\/\/solucionesdeacero.net\/wp-content\/uploads\/2020\/08\/requirements.jpg\" alt=\"\" class=\"wp-image-1794 lazyload\"\/><noscript><img decoding=\"async\" width=\"370\" height=\"220\" src=\"http:\/\/solucionesdeacero.net\/wp-content\/uploads\/2020\/08\/requirements.jpg\" alt=\"\" class=\"wp-image-1794 lazyload\" srcset=\"https:\/\/solucionesdeacero.net\/wp-content\/uploads\/2020\/08\/requirements.jpg 370w, https:\/\/solucionesdeacero.net\/wp-content\/uploads\/2020\/08\/requirements-300x178.jpg 300w, https:\/\/solucionesdeacero.net\/wp-content\/uploads\/2020\/08\/requirements-18x12.jpg 18w\" sizes=\"(max-width: 370px) 100vw, 370px\" \/><\/noscript><\/figure>\n\n\n\n<h5 class=\"wp-block-heading has-text-align-left\"><mark style=\"background-color:rgba(0, 0, 0, 0)\" class=\"has-inline-color has-ast-global-color-1-color\">Entendemos los requisitos<\/mark><\/h5>\n\n\n\n<p class=\"has-text-align-left\"><mark style=\"background-color:rgba(0, 0, 0, 0)\" class=\"has-inline-color has-ast-global-color-2-color\">Perteneciente a un grupo con fabricas en diferentes regiones del mundo, podemos entregar productos de calidad a tiempo y a un precio competitivo, adem\u00e1s de atender a clientes en diferentes pa\u00edses de la regi\u00f3n.<\/mark><\/p>\n\n\n\n<div class=\"wp-block-buttons is-layout-flex wp-block-buttons-is-layout-flex\">\n<div class=\"wp-block-button\"><a class=\"wp-block-button__link wp-element-button\" href=\"http:\/\/solucionesdeacero.net\/en\/proceso\/\">Ver +<\/a><\/div>\n<\/div>\n<\/div>\n\n\n\n<div class=\"wp-block-column is-layout-flow wp-block-column-is-layout-flow\">\n<figure class=\"wp-block-image size-large\"><img decoding=\"async\" src=\"data:image\/gif;base64,R0lGODlhAQABAIAAAAAAAP\/\/\/yH5BAEAAAAALAAAAAABAAEAAAIBRAA7\" data-src=\"http:\/\/solucionesdeacero.net\/wp-content\/uploads\/2020\/08\/work.jpg\" alt=\"\" class=\"wp-image-1795 lazyload\"\/><noscript><img decoding=\"async\" width=\"370\" height=\"220\" src=\"http:\/\/solucionesdeacero.net\/wp-content\/uploads\/2020\/08\/work.jpg\" alt=\"\" class=\"wp-image-1795 lazyload\" srcset=\"https:\/\/solucionesdeacero.net\/wp-content\/uploads\/2020\/08\/work.jpg 370w, https:\/\/solucionesdeacero.net\/wp-content\/uploads\/2020\/08\/work-300x178.jpg 300w, https:\/\/solucionesdeacero.net\/wp-content\/uploads\/2020\/08\/work-18x12.jpg 18w\" sizes=\"(max-width: 370px) 100vw, 370px\" \/><\/noscript><\/figure>\n\n\n\n<h5 class=\"wp-block-heading has-text-align-left\"><mark style=\"background-color:rgba(0, 0, 0, 0)\" class=\"has-inline-color has-ast-global-color-1-color\">Trabajamos con precisi\u00f3n<\/mark><\/h5>\n\n\n\n<p class=\"has-text-align-left\"><mark style=\"background-color:rgba(0, 0, 0, 0)\" class=\"has-inline-color has-ast-global-color-2-color\">Con una l\u00ednea de fabricaci\u00f3n de estructuras de acero avanzada e ingenieros talentosos, el grupo produce mas de 10 mil toneladas de estructuras de acero al a\u00f1o.<\/mark><\/p>\n\n\n\n<div class=\"wp-block-buttons is-layout-flex wp-block-buttons-is-layout-flex\">\n<div class=\"wp-block-button\"><a class=\"wp-block-button__link wp-element-button\" href=\"http:\/\/solucionesdeacero.net\/en\/especificaciones\/\">Ver +<\/a><\/div>\n<\/div>\n<\/div>\n\n\n\n<div class=\"wp-block-column is-layout-flow wp-block-column-is-layout-flow\">\n<figure class=\"wp-block-image size-large\"><img decoding=\"async\" src=\"data:image\/gif;base64,R0lGODlhAQABAIAAAAAAAP\/\/\/yH5BAEAAAAALAAAAAABAAEAAAIBRAA7\" data-src=\"http:\/\/solucionesdeacero.net\/wp-content\/uploads\/2020\/08\/building.jpg\" alt=\"\" class=\"wp-image-1796 lazyload\"\/><noscript><img decoding=\"async\" width=\"370\" height=\"220\" src=\"http:\/\/solucionesdeacero.net\/wp-content\/uploads\/2020\/08\/building.jpg\" alt=\"\" class=\"wp-image-1796 lazyload\" srcset=\"https:\/\/solucionesdeacero.net\/wp-content\/uploads\/2020\/08\/building.jpg 370w, https:\/\/solucionesdeacero.net\/wp-content\/uploads\/2020\/08\/building-300x178.jpg 300w, https:\/\/solucionesdeacero.net\/wp-content\/uploads\/2020\/08\/building-18x12.jpg 18w\" sizes=\"(max-width: 370px) 100vw, 370px\" \/><\/noscript><\/figure>\n\n\n\n<h5 class=\"wp-block-heading has-text-align-left\"><mark style=\"background-color:rgba(0, 0, 0, 0)\" class=\"has-inline-color has-ast-global-color-1-color\">Ofrecemos los mejores resultados<\/mark><\/h5>\n\n\n\n<p class=\"has-text-align-left\"><mark style=\"background-color:rgba(0, 0, 0, 0)\" class=\"has-inline-color has-ast-global-color-2-color\">La satisfacci\u00f3n del cliente es nuestra prioridad. Mejoramos nuestro desempe\u00f1o continuamente administrando nuestra operaci\u00f3n de una manera responsable y sustentable.<\/mark><\/p>\n\n\n\n<div class=\"wp-block-buttons is-layout-flex wp-block-buttons-is-layout-flex\">\n<div class=\"wp-block-button\"><a class=\"wp-block-button__link wp-element-button\" href=\"http:\/\/solucionesdeacero.net\/en\/construcciones\/\">Ver +<\/a><\/div>\n<\/div>\n<\/div>\n<\/div>\n<\/div>\n\n\n\n<div class=\"wp-block-cover alignfull is-light has-parallax\" style=\"min-height:335px;aspect-ratio:unset;\"><span aria-hidden=\"true\" class=\"wp-block-cover__background has-background-dim\" style=\"background-color:#181f2a\"><\/span><div class=\"wp-block-cover__image-background wp-image-2179 has-parallax\" style=\"background-position:50% 50%;background-image:url(http:\/\/solucionesdeacero.net\/wp-content\/uploads\/2023\/08\/galeria-7.jpg)\"><\/div><div class=\"wp-block-cover__inner-container is-layout-flow wp-block-cover-is-layout-flow\">\n<h2 class=\"wp-block-heading has-text-align-center\">Ofrecemos el mejor servicio del sector<\/h2>\n\n\n\n<p class=\"has-text-align-center\"><mark style=\"background-color:rgba(0, 0, 0, 0)\" class=\"has-inline-color has-ast-global-color-4-color\">Donde construimos su visi\u00f3n<\/mark><\/p>\n\n\n\n<div class=\"wp-block-buttons is-content-justification-center is-layout-flex wp-container-core-buttons-is-layout-a89b3969 wp-block-buttons-is-layout-flex\">\n<div class=\"wp-block-button is-style-fill\"><a class=\"wp-block-button__link wp-element-button\" href=\"http:\/\/solucionesdeacero.net\/en\/contact-us\/\">P\u00f3ngase en contacto con nosotros<\/a><\/div>\n<\/div>\n<\/div><\/div>","protected":false},"excerpt":{"rendered":"<p>Soluciones de Acero Donde construimos su visi\u00f3n Es una empresa reconocida en el suministro de soluciones constructivas eficientes y rentables con estructuras de acero, paneles s\u00e1ndwich, y otros materiales Soluciones de Acero ha desarrollado productos y servicios a m\u00faltiples industrias y diferentes pa\u00edses en el \u00c1rea Centroamericana. Misi\u00f3n Suministrar productos de acero de alta calidad, &hellip;<\/p>\n<p class=\"read-more\"> <a class=\"\" href=\"https:\/\/solucionesdeacero.net\/en\/nosotros\/\"> <span class=\"screen-reader-text\">Nosotros<\/span> Read More &raquo;<\/a><\/p>","protected":false},"author":1,"featured_media":0,"parent":0,"menu_order":0,"comment_status":"closed","ping_status":"closed","template":"","meta":{"_eb_attr":"","site-sidebar-layout":"no-sidebar","site-content-layout":"plain-container","ast-global-header-display":"","ast-banner-title-visibility":"","ast-main-header-display":"","ast-hfb-above-header-display":"","ast-hfb-below-header-display":"","ast-hfb-mobile-header-display":"","site-post-title":"disabled","ast-breadcrumbs-content":"","ast-featured-img":"disabled","footer-sml-layout":"","theme-transparent-header-meta":"enabled","adv-header-id-meta":"","stick-header-meta":"","header-above-stick-meta":"","header-main-stick-meta":"","header-below-stick-meta":"","footnotes":""},"class_list":["post-2027","page","type-page","status-publish","hentry"],"aioseo_notices":[],"_links":{"self":[{"href":"https:\/\/solucionesdeacero.net\/en\/wp-json\/wp\/v2\/pages\/2027","targetHints":{"allow":["GET"]}}],"collection":[{"href":"https:\/\/solucionesdeacero.net\/en\/wp-json\/wp\/v2\/pages"}],"about":[{"href":"https:\/\/solucionesdeacero.net\/en\/wp-json\/wp\/v2\/types\/page"}],"author":[{"embeddable":true,"href":"https:\/\/solucionesdeacero.net\/en\/wp-json\/wp\/v2\/users\/1"}],"replies":[{"embeddable":true,"href":"https:\/\/solucionesdeacero.net\/en\/wp-json\/wp\/v2\/comments?post=2027"}],"version-history":[{"count":13,"href":"https:\/\/solucionesdeacero.net\/en\/wp-json\/wp\/v2\/pages\/2027\/revisions"}],"predecessor-version":[{"id":2448,"href":"https:\/\/solucionesdeacero.net\/en\/wp-json\/wp\/v2\/pages\/2027\/revisions\/2448"}],"wp:attachment":[{"href":"https:\/\/solucionesdeacero.net\/en\/wp-json\/wp\/v2\/media?parent=2027"}],"curies":[{"name":"wp","href":"https:\/\/api.w.org\/{rel}","templated":true}]}}